















{"id":3153,"date":"2022-03-21T18:34:46","date_gmt":"2022-03-21T21:34:46","guid":{"rendered":"http:\/\/pbapgo.meioambiente.go.gov.br\/?page_id=3153"},"modified":"2022-03-21T18:34:46","modified_gmt":"2022-03-21T21:34:46","slug":"produto-7","status":"publish","type":"page","link":"http:\/\/pbapgo.meioambiente.go.gov.br\/?page_id=3153","title":{"rendered":"Produto 7"},"content":{"rendered":"<div id=\"pl-3153\"  class=\"panel-layout\" ><div id=\"pg-3153-0\"  class=\"panel-grid panel-has-style\" ><div class=\"panel-row-style panel-row-style-for-3153-0\" ><div id=\"pgc-3153-0-0\"  class=\"panel-grid-cell\" ><div id=\"panel-3153-0-0-0\" class=\"so-panel widget widget_sow-editor panel-first-child panel-last-child\" data-index=\"0\" ><div\n\t\t\t\n\t\t\tclass=\"so-widget-sow-editor so-widget-sow-editor-base\"\n\t\t\t\n\t\t>\n<div class=\"siteorigin-widget-tinymce textwidget\">\n\t<p>Proposta de Enquadramento.<\/p>\n<h3>Arquivos:<\/h3>\n<hr \/>\n<p><a href=\"http:\/\/pbapgo.meioambiente.go.gov.br\/wp-content\/uploads\/2022\/03\/RT-07-Manual-Operativo-UPGRH-Corumba-Sao-Marcos-e-Verissimo-V03.pdf\" target=\"_blank\" rel=\"noopener noreferrer\">Manual Operativo UPGRH Corumb\u00e1, S\u00e3o Marcos e Ver\u00edssimo<\/a> (pdf)<br \/>\n<a href=\"http:\/\/pbapgo.meioambiente.go.gov.br\/?page_id=2901\" target=\"_blank\" rel=\"noopener noreferrer\">Manual Operativo UPGRH Corumb\u00e1, S\u00e3o Marcos e Ver\u00edssimo<\/a> (on-line)<br \/>\n<br \/>\n<a href=\"http:\/\/pbapgo.meioambiente.go.gov.br\/wp-content\/uploads\/2022\/03\/RT-07-Manual-Operativo-UPGRH-Meia-Ponte-V03.pdf\" target=\"_blank\" rel=\"noopener noreferrer\">Manual Operativo UPGRH Meia Ponte<\/a> (pdf)<br \/>\n<a href=\"http:\/\/pbapgo.meioambiente.go.gov.br\/?page_id=2903\" target=\"_blank\" rel=\"noopener noreferrer\">Manual Operativo UPGRH Meia Ponte<\/a> (on-line)<br \/>\n<br \/>\n<a href=\"http:\/\/pbapgo.meioambiente.go.gov.br\/wp-content\/uploads\/2022\/03\/RT-07-Manual-Operativo-UPGRH-Rio-dos-Bois-V03.pdf\" target=\"_blank\" rel=\"noopener noreferrer\">Manual Operativo UPGRH Rio dos Bois<\/a> (pdf)<br \/>\n<a href=\"http:\/\/pbapgo.meioambiente.go.gov.br\/?page_id=2905\" target=\"_blank\" rel=\"noopener noreferrer\">Manual Operativo UPGRH Rio dos Bois<\/a> (on-line)<br \/>\n<br \/>\n<a href=\"http:\/\/pbapgo.meioambiente.go.gov.br\/wp-content\/uploads\/2022\/03\/RT-07-Manual-Operativo-UPGRH-Rio-Baixo-Paranaiba-V03.pdf\" target=\"_blank\" rel=\"noopener noreferrer\">Manual Operativo UPGRH Rio Baixo Parana\u00edba<\/a> (pdf)<br \/>\n<a href=\"http:\/\/pbapgo.meioambiente.go.gov.br\/?page_id=2713\" target=\"_blank\" rel=\"noopener noreferrer\">Manual Operativo UPGRH Rio Baixo Parana\u00edba<\/a> (on-line)<\/p>\n<\/div>\n<\/div><\/div><\/div><\/div><\/div><\/div>","protected":false},"excerpt":{"rendered":"<p>Diretrizes, Programas e Metas.<\/p>\n","protected":false},"author":2,"featured_media":0,"parent":0,"menu_order":0,"comment_status":"closed","ping_status":"closed","template":"","meta":{"footnotes":""},"_links":{"self":[{"href":"http:\/\/pbapgo.meioambiente.go.gov.br\/index.php?rest_route=\/wp\/v2\/pages\/3153"}],"collection":[{"href":"http:\/\/pbapgo.meioambiente.go.gov.br\/index.php?rest_route=\/wp\/v2\/pages"}],"about":[{"href":"http:\/\/pbapgo.meioambiente.go.gov.br\/index.php?rest_route=\/wp\/v2\/types\/page"}],"author":[{"embeddable":true,"href":"http:\/\/pbapgo.meioambiente.go.gov.br\/index.php?rest_route=\/wp\/v2\/users\/2"}],"replies":[{"embeddable":true,"href":"http:\/\/pbapgo.meioambiente.go.gov.br\/index.php?rest_route=%2Fwp%2Fv2%2Fcomments&post=3153"}],"version-history":[{"count":1,"href":"http:\/\/pbapgo.meioambiente.go.gov.br\/index.php?rest_route=\/wp\/v2\/pages\/3153\/revisions"}],"predecessor-version":[{"id":3154,"href":"http:\/\/pbapgo.meioambiente.go.gov.br\/index.php?rest_route=\/wp\/v2\/pages\/3153\/revisions\/3154"}],"wp:attachment":[{"href":"http:\/\/pbapgo.meioambiente.go.gov.br\/index.php?rest_route=%2Fwp%2Fv2%2Fmedia&parent=3153"}],"curies":[{"name":"wp","href":"https:\/\/api.w.org\/{rel}","templated":true}]}}