















{"id":2671,"date":"2021-09-08T18:21:12","date_gmt":"2021-09-08T21:21:12","guid":{"rendered":"http:\/\/pbapgo.meioambiente.go.gov.br\/?page_id=2671"},"modified":"2022-03-21T18:59:16","modified_gmt":"2022-03-21T21:59:16","slug":"produto-6","status":"publish","type":"page","link":"http:\/\/pbapgo.meioambiente.go.gov.br\/?page_id=2671","title":{"rendered":"Produto 6"},"content":{"rendered":"<div id=\"pl-2671\"  class=\"panel-layout\" ><div id=\"pg-2671-0\"  class=\"panel-grid panel-has-style\" ><div class=\"panel-row-style panel-row-style-for-2671-0\" ><div id=\"pgc-2671-0-0\"  class=\"panel-grid-cell\" ><div id=\"panel-2671-0-0-0\" class=\"so-panel widget widget_sow-editor panel-first-child panel-last-child\" data-index=\"0\" ><div\n\t\t\t\n\t\t\tclass=\"so-widget-sow-editor so-widget-sow-editor-base\"\n\t\t\t\n\t\t>\n<div class=\"siteorigin-widget-tinymce textwidget\">\n\t<p>Consolida\u00e7\u00e3o do Plano de Recursos H\u00eddricos das UPGRH.<\/p>\n<h3>Arquivos:<\/h3>\n<hr \/>\n<h4>Diagn\u00f3stico<\/h4>\n<p><a href=\"http:\/\/pbapgo.meioambiente.go.gov.br\/wp-content\/uploads\/2022\/03\/RT-02-Diagnostico-UPGRH-Afluentes-do-Baixo-Paranaiba-V8.pdf\" target=\"_blank\" rel=\"noopener noreferrer\">RT 02 Diagn\u00f3stico UPGRH Afluentes do Baixo Paranaiba<\/a> (pdf)<br \/>\n<a href=\"http:\/\/pbapgo.meioambiente.go.gov.br\/wp-content\/uploads\/2022\/03\/RT-02-Diagnostico-UPGRH-Rio-dos-Bois-V8.pdf\" target=\"_blank\" rel=\"noopener noreferrer\">RT 02 Diagn\u00f3stico UPGRH Rio dos Bois<\/a> (pdf)<br \/>\n<a href=\"http:\/\/pbapgo.meioambiente.go.gov.br\/wp-content\/uploads\/2022\/03\/RT-02-Diagnostico-UPGRH-Rio-Meia-Ponte-V8.pdf\" target=\"_blank\" rel=\"noopener noreferrer\">RT 02 Diagn\u00f3stico UPGRH Rio Meia Ponte<\/a> (pdf)<br \/>\n<a href=\"http:\/\/pbapgo.meioambiente.go.gov.br\/wp-content\/uploads\/2022\/03\/RT-02-Diagnostico-UPGRH-Rios-Corumba-e-Sao-Marcos-V8.pdf\" target=\"_blank\" rel=\"noopener noreferrer\">RT 03 Diagn\u00f3stico UPGRH Rios Corumb\u00e1 e S\u00e3o Marcos<\/a> (pdf)<\/p>\n<hr \/>\n<h4>Progn\u00f3stico<\/h4>\n<p><a href=\"http:\/\/pbapgo.meioambiente.go.gov.br\/wp-content\/uploads\/2022\/03\/RT-03-Prognostico-UPGRH-Baixo-Paranaiba-V6.pdf\" target=\"_blank\" rel=\"noopener noreferrer\">RT 03 Progn\u00f3stico UPGRH Baixo Parana\u00edba<\/a> (pdf)<br \/>\n<a href=\"http:\/\/pbapgo.meioambiente.go.gov.br\/wp-content\/uploads\/2022\/03\/RT-03-Prognostico-UPGRH-Meia-Ponte-V6.pdf\" target=\"_blank\" rel=\"noopener noreferrer\">RT 03 Progn\u00f3stico UPGRH Meia Ponte <\/a> (pdf)<br \/>\n<a href=\"http:\/\/pbapgo.meioambiente.go.gov.br\/wp-content\/uploads\/2022\/03\/RT-03-Prognostico-UPGRH-Rio-dos-Bois-V6.pdf\" target=\"_blank\" rel=\"noopener noreferrer\">RT 03 Progn\u00f3stico UPGRH Rio dos Bois<\/a> (pdf)<br \/>\n<a href=\"http:\/\/pbapgo.meioambiente.go.gov.br\/wp-content\/uploads\/2022\/03\/RT-03-Prognostico-UPGRH-Sao-Marcos-Corumba-V6.pdf\" target=\"_blank\" rel=\"noopener noreferrer\">RT 03 Progn\u00f3stico UPGRH S\u00e3o Marcos, Corumb\u00e1<\/a> (pdf)<\/p>\n<hr \/>\n<h4>Plano de A\u00e7\u00f5es<\/h4>\n<p><a href=\"http:\/\/pbapgo.meioambiente.go.gov.br\/wp-content\/uploads\/2022\/03\/RT-04-Plano-de-Acoes-UPGRH-Baixo-Paranaiba-V6.pdf\" target=\"_blank\" rel=\"noopener noreferrer\">RT 04 Plano de A\u00e7\u00f5es UPGRH Baixo Parana\u00edba<\/a> (pdf)<br \/>\n<a href=\"http:\/\/pbapgo.meioambiente.go.gov.br\/wp-content\/uploads\/2022\/03\/RT-04-Plano-de-Acoes-UPGRH-Meia-Ponte-V6.pdf\" target=\"_blank\" rel=\"noopener noreferrer\">RT 04 Plano de A\u00e7\u00f5es UPGRH Meia Ponte<\/a> (pdf)<br \/>\n<a href=\"http:\/\/pbapgo.meioambiente.go.gov.br\/wp-content\/uploads\/2022\/03\/RT-04-Plano-de-Acoes-UPGRH-Rio-dos-Bois-V6.pdf\" target=\"_blank\" rel=\"noopener noreferrer\">RT 04 Plano de A\u00e7\u00f5es UPGRH Rio dos Bois<\/a> (pdf)<br \/>\n<a href=\"http:\/\/pbapgo.meioambiente.go.gov.br\/wp-content\/uploads\/2022\/03\/RT-04-Plano-de-Acoes-UPGRH-Sao-Marcos-Corumba-V6.pdf\" target=\"_blank\" rel=\"noopener noreferrer\">RT 04 Plano de A\u00e7\u00f5es UPGRH S\u00e3o Marcos, Corumb\u00e1<\/a> (pdf)<\/p>\n<hr \/>\n<h4>Enquadramento<\/h4>\n<p><a href=\"http:\/\/pbapgo.meioambiente.go.gov.br\/wp-content\/uploads\/2022\/03\/RT-05-Enquadramento-UPGRH-Afluentes-do-Baixo-Paranaiba-V06.pdf\" target=\"_blank\" rel=\"noopener noreferrer\">RT 05 Enquadramento UPGRH Afluentes do Baixo Parana\u00edba<\/a> (pdf)<br \/>\n<a href=\"http:\/\/pbapgo.meioambiente.go.gov.br\/wp-content\/uploads\/2022\/03\/RT-06-Enquadramento-UPGRH-Rio-Corumba-Sao-Marcos-e-Verissimo-V06.pdf\" target=\"_blank\" rel=\"noopener noreferrer\">RT 05 Enquadramento UPGRH Rio Corumb\u00e1, S\u00e3o Marcos e Verissimo<\/a> (pdf)<br \/>\n<a href=\"http:\/\/pbapgo.meioambiente.go.gov.br\/wp-content\/uploads\/2022\/03\/RT-06-Enquadramento-UPGRH-Rio-dos-Bois-V06.pdf\" target=\"_blank\" rel=\"noopener noreferrer\">RT 05 Enquadramento<\/a> (pdf)<br \/>\n<a href=\"http:\/\/pbapgo.meioambiente.go.gov.br\/wp-content\/uploads\/2022\/03\/RT-06-Enquadramento-UPGRH-Rio-Meia-Ponte-V06.pdf\" target=\"_blank\" rel=\"noopener noreferrer\">RT 05 Enquadramento UPGRH Rio Meia Ponte<\/a> (pdf)<\/p>\n<\/div>\n<\/div><\/div><\/div><\/div><\/div><\/div>","protected":false},"excerpt":{"rendered":"<p>Diretrizes, Programas e Metas.<\/p>\n","protected":false},"author":2,"featured_media":0,"parent":0,"menu_order":0,"comment_status":"closed","ping_status":"closed","template":"","meta":{"footnotes":""},"_links":{"self":[{"href":"http:\/\/pbapgo.meioambiente.go.gov.br\/index.php?rest_route=\/wp\/v2\/pages\/2671"}],"collection":[{"href":"http:\/\/pbapgo.meioambiente.go.gov.br\/index.php?rest_route=\/wp\/v2\/pages"}],"about":[{"href":"http:\/\/pbapgo.meioambiente.go.gov.br\/index.php?rest_route=\/wp\/v2\/types\/page"}],"author":[{"embeddable":true,"href":"http:\/\/pbapgo.meioambiente.go.gov.br\/index.php?rest_route=\/wp\/v2\/users\/2"}],"replies":[{"embeddable":true,"href":"http:\/\/pbapgo.meioambiente.go.gov.br\/index.php?rest_route=%2Fwp%2Fv2%2Fcomments&post=2671"}],"version-history":[{"count":5,"href":"http:\/\/pbapgo.meioambiente.go.gov.br\/index.php?rest_route=\/wp\/v2\/pages\/2671\/revisions"}],"predecessor-version":[{"id":3163,"href":"http:\/\/pbapgo.meioambiente.go.gov.br\/index.php?rest_route=\/wp\/v2\/pages\/2671\/revisions\/3163"}],"wp:attachment":[{"href":"http:\/\/pbapgo.meioambiente.go.gov.br\/index.php?rest_route=%2Fwp%2Fv2%2Fmedia&parent=2671"}],"curies":[{"name":"wp","href":"https:\/\/api.w.org\/{rel}","templated":true}]}}