















{"id":1693,"date":"2019-06-05T21:08:47","date_gmt":"2019-06-06T00:08:47","guid":{"rendered":"http:\/\/pbapgo.meioambiente.go.gov.br\/?page_id=1693"},"modified":"2021-10-20T16:02:47","modified_gmt":"2021-10-20T19:02:47","slug":"produto-4","status":"publish","type":"page","link":"http:\/\/pbapgo.meioambiente.go.gov.br\/?page_id=1693","title":{"rendered":"Produto 4"},"content":{"rendered":"<div id=\"pl-1693\"  class=\"panel-layout\" ><div id=\"pg-1693-0\"  class=\"panel-grid panel-has-style\" ><div class=\"panel-row-style panel-row-style-for-1693-0\" ><div id=\"pgc-1693-0-0\"  class=\"panel-grid-cell\" ><div id=\"panel-1693-0-0-0\" class=\"so-panel widget widget_sow-editor panel-first-child panel-last-child\" data-index=\"0\" ><div\n\t\t\t\n\t\t\tclass=\"so-widget-sow-editor so-widget-sow-editor-base\"\n\t\t\t\n\t\t>\n<div class=\"siteorigin-widget-tinymce textwidget\">\n\t<p>Diretrizes, Programas e Metas.<\/p>\n<h3>Arquivos:<\/h3>\n<hr \/>\n<p><a href=\"http:\/\/pbapgo.meioambiente.go.gov.br\/wp-content\/uploads\/2021\/10\/RT-04-Plano-de-Acoes-UPGRH-Sao-Marcos-Corumba-V5.pdf\" target=\"_blank\" rel=\"noopener noreferrer\">Plano de A\u00e7\u00f5es UPGRH S\u00e3o Marcos, Corumb\u00e1<\/a> (pdf)<br \/>\n<a href=\"http:\/\/pbapgo.meioambiente.go.gov.br\/wp-content\/uploads\/2021\/10\/RT-04-Plano-de-Acoes-UPGRH-Meia-Ponte-V5.pdf\" target=\"_blank\" rel=\"noopener noreferrer\"> Plano de A\u00e7\u00f5es UPGRH Meia Ponte<\/a> (pdf)<br \/>\n<a href=\"http:\/\/pbapgo.meioambiente.go.gov.br\/wp-content\/uploads\/2021\/10\/RT-04-Plano-de-Acoes-UPGRH-Rio-dos-Bois-V5.pdf\" target=\"_blank\" rel=\"noopener noreferrer\">Plano de A\u00e7\u00f5es UPGRH Rio dos Bois<\/a> (pdf)<br \/>\n<a href=\"http:\/\/pbapgo.meioambiente.go.gov.br\/wp-content\/uploads\/2021\/10\/RT-04-Plano-de-Acoes-UPGRH-Baixo-Paranaiba-V5.pdf\" target=\"_blank\" rel=\"noopener noreferrer\">Plano de A\u00e7\u00f5es UPGRH Afluentes do Baixo Parana\u00edba<\/a> (pdf)<\/p>\n<\/div>\n<\/div><\/div><\/div><\/div><\/div><\/div>","protected":false},"excerpt":{"rendered":"<p>Diretrizes, Programas e Metas.<\/p>\n","protected":false},"author":2,"featured_media":0,"parent":0,"menu_order":0,"comment_status":"closed","ping_status":"closed","template":"","meta":{"footnotes":""},"_links":{"self":[{"href":"http:\/\/pbapgo.meioambiente.go.gov.br\/index.php?rest_route=\/wp\/v2\/pages\/1693"}],"collection":[{"href":"http:\/\/pbapgo.meioambiente.go.gov.br\/index.php?rest_route=\/wp\/v2\/pages"}],"about":[{"href":"http:\/\/pbapgo.meioambiente.go.gov.br\/index.php?rest_route=\/wp\/v2\/types\/page"}],"author":[{"embeddable":true,"href":"http:\/\/pbapgo.meioambiente.go.gov.br\/index.php?rest_route=\/wp\/v2\/users\/2"}],"replies":[{"embeddable":true,"href":"http:\/\/pbapgo.meioambiente.go.gov.br\/index.php?rest_route=%2Fwp%2Fv2%2Fcomments&post=1693"}],"version-history":[{"count":6,"href":"http:\/\/pbapgo.meioambiente.go.gov.br\/index.php?rest_route=\/wp\/v2\/pages\/1693\/revisions"}],"predecessor-version":[{"id":2701,"href":"http:\/\/pbapgo.meioambiente.go.gov.br\/index.php?rest_route=\/wp\/v2\/pages\/1693\/revisions\/2701"}],"wp:attachment":[{"href":"http:\/\/pbapgo.meioambiente.go.gov.br\/index.php?rest_route=%2Fwp%2Fv2%2Fmedia&parent=1693"}],"curies":[{"name":"wp","href":"https:\/\/api.w.org\/{rel}","templated":true}]}}