















{"id":1689,"date":"2019-06-05T21:08:07","date_gmt":"2019-06-06T00:08:07","guid":{"rendered":"http:\/\/pbapgo.meioambiente.go.gov.br\/?page_id=1689"},"modified":"2021-10-21T08:34:45","modified_gmt":"2021-10-21T11:34:45","slug":"produto-2","status":"publish","type":"page","link":"http:\/\/pbapgo.meioambiente.go.gov.br\/?page_id=1689","title":{"rendered":"Produto 2"},"content":{"rendered":"<div id=\"pl-1689\"  class=\"panel-layout\" ><div id=\"pg-1689-0\"  class=\"panel-grid panel-has-style\" ><div class=\"panel-row-style panel-row-style-for-1689-0\" ><div id=\"pgc-1689-0-0\"  class=\"panel-grid-cell\" ><div id=\"panel-1689-0-0-0\" class=\"so-panel widget widget_sow-editor panel-first-child panel-last-child\" data-index=\"0\" ><div\n\t\t\t\n\t\t\tclass=\"so-widget-sow-editor so-widget-sow-editor-base\"\n\t\t\t\n\t\t>\n<div class=\"siteorigin-widget-tinymce textwidget\">\n\t<p>Caracteriza\u00e7\u00e3o Socioecon\u00f4mica da Unidade de Planejamento e Gest\u00e3o de Recursos H\u00eddricos (UPGRH).<\/p>\n<h3>Arquivos:<\/h3>\n<hr \/>\n<p><a href=\"http:\/\/pbapgo.meioambiente.go.gov.br\/wp-content\/uploads\/2021\/10\/RT%2002%20Diagn%C3%B3stico%20UPGRH%20Afluentes%20do%20Baixo%20Paranaiba%20V7.pdf\" target=\"_blank\" rel=\"noopener noreferrer\">Diagn\u00f3stico UPGRH Afluentes do Baixo Paranaiba<\/a> (pdf)<br \/>\n<a href=\"http:\/\/pbapgo.meioambiente.go.gov.br\/wp-content\/uploads\/2021\/10\/RT-02-Diagnostico-UPGRH-Rio-dos-Bois-V7.pdf\" target=\"_blank\" rel=\"noopener noreferrer\">Diagn\u00f3stico UPGRH Rio dos Bois<\/a> (pdf)<br \/>\n<a href=\"http:\/\/pbapgo.meioambiente.go.gov.br\/wp-content\/uploads\/2021\/10\/RT-02-Diagnostico-UPGRH-Rio-Meia-Ponte-V7.pdf\" target=\"_blank\" rel=\"noopener noreferrer\">Diagn\u00f3stico UPGRH Rio Meia Ponte<\/a> (pdf)<br \/>\n<a href=\"http:\/\/pbapgo.meioambiente.go.gov.br\/wp-content\/uploads\/2021\/10\/RT%2002%20Diagn%C3%B3stico%20UPGRH%20Rios%20Corumb%C3%A1%20e%20S%C3%A3o%20Marcos%20V7.pdf\" target=\"_blank\" rel=\"noopener noreferrer\">Diagn\u00f3stico UPGRH Rios Corumb\u00e1 e S\u00e3o Marcos<\/a> (pdf)<\/p>\n<\/div>\n<\/div><\/div><\/div><\/div><\/div><\/div>","protected":false},"excerpt":{"rendered":"<p>Caracteriza\u00e7\u00e3o Socioecon\u00f4mica da Unidade de Planejamento e Gest\u00e3o de Recursos H\u00eddricos (UPGRH). Arquivos: Diagn\u00f3stico UPGRH Afluentes do Baixo Paranaiba (pdf) Diagn\u00f3stico UPGRH Rio dos Bois (pdf) Diagn\u00f3stico UPGRH Rio Meia &#8230;<\/p>\n","protected":false},"author":2,"featured_media":0,"parent":0,"menu_order":0,"comment_status":"closed","ping_status":"closed","template":"","meta":{"footnotes":""},"_links":{"self":[{"href":"http:\/\/pbapgo.meioambiente.go.gov.br\/index.php?rest_route=\/wp\/v2\/pages\/1689"}],"collection":[{"href":"http:\/\/pbapgo.meioambiente.go.gov.br\/index.php?rest_route=\/wp\/v2\/pages"}],"about":[{"href":"http:\/\/pbapgo.meioambiente.go.gov.br\/index.php?rest_route=\/wp\/v2\/types\/page"}],"author":[{"embeddable":true,"href":"http:\/\/pbapgo.meioambiente.go.gov.br\/index.php?rest_route=\/wp\/v2\/users\/2"}],"replies":[{"embeddable":true,"href":"http:\/\/pbapgo.meioambiente.go.gov.br\/index.php?rest_route=%2Fwp%2Fv2%2Fcomments&post=1689"}],"version-history":[{"count":11,"href":"http:\/\/pbapgo.meioambiente.go.gov.br\/index.php?rest_route=\/wp\/v2\/pages\/1689\/revisions"}],"predecessor-version":[{"id":2704,"href":"http:\/\/pbapgo.meioambiente.go.gov.br\/index.php?rest_route=\/wp\/v2\/pages\/1689\/revisions\/2704"}],"wp:attachment":[{"href":"http:\/\/pbapgo.meioambiente.go.gov.br\/index.php?rest_route=%2Fwp%2Fv2%2Fmedia&parent=1689"}],"curies":[{"name":"wp","href":"https:\/\/api.w.org\/{rel}","templated":true}]}}