















{"id":1687,"date":"2019-06-05T21:07:44","date_gmt":"2019-06-06T00:07:44","guid":{"rendered":"http:\/\/pbapgo.meioambiente.go.gov.br\/?page_id=1687"},"modified":"2019-06-28T18:44:31","modified_gmt":"2019-06-28T21:44:31","slug":"produto-1","status":"publish","type":"page","link":"http:\/\/pbapgo.meioambiente.go.gov.br\/?page_id=1687","title":{"rendered":"Produto 1"},"content":{"rendered":"<div id=\"pl-1687\"  class=\"panel-layout\" ><div id=\"pg-1687-0\"  class=\"panel-grid panel-has-style\" ><div class=\"panel-row-style panel-row-style-for-1687-0\" ><div id=\"pgc-1687-0-0\"  class=\"panel-grid-cell\" ><div id=\"panel-1687-0-0-0\" class=\"so-panel widget widget_sow-editor panel-first-child panel-last-child\" data-index=\"0\" ><div\n\t\t\t\n\t\t\tclass=\"so-widget-sow-editor so-widget-sow-editor-base\"\n\t\t\t\n\t\t>\n<div class=\"siteorigin-widget-tinymce textwidget\">\n\t<p>Bases Metodol\u00f3gicas para a Elabora\u00e7\u00e3o dos Planos de Recursos H\u00eddricos das Unidades de Planejamento e Gest\u00e3o de Recursos H\u00eddricos (UPGRH) do Estado de Goi\u00e1s Afluentes ao Rio Parana\u00edba.<\/p>\n<h3>Arquivos:<\/h3>\n<hr \/>\n<p><a href=\"http:\/\/pbapgo.meioambiente.go.gov.br\/wp-content\/uploads\/2019\/06\/RT-01-Bases-Metodologicas.pdf\" target=\"_blank\" rel=\"noopener\">Bases Metodol\u00f3gicas<\/a> (pdf)<\/p>\n<\/div>\n<\/div><\/div><\/div><\/div><\/div><\/div>","protected":false},"excerpt":{"rendered":"<p>Bases Metodol\u00f3gicas para a Elabora\u00e7\u00e3o dos Planos de Recursos H\u00eddricos das Unidades de Planejamento e Gest\u00e3o de Recursos H\u00eddricos (UPGRH) do Estado de Goi\u00e1s Afluentes ao Rio Parana\u00edba. Arquivos: Bases &#8230;<\/p>\n","protected":false},"author":2,"featured_media":0,"parent":0,"menu_order":0,"comment_status":"closed","ping_status":"closed","template":"","meta":{"footnotes":""},"_links":{"self":[{"href":"http:\/\/pbapgo.meioambiente.go.gov.br\/index.php?rest_route=\/wp\/v2\/pages\/1687"}],"collection":[{"href":"http:\/\/pbapgo.meioambiente.go.gov.br\/index.php?rest_route=\/wp\/v2\/pages"}],"about":[{"href":"http:\/\/pbapgo.meioambiente.go.gov.br\/index.php?rest_route=\/wp\/v2\/types\/page"}],"author":[{"embeddable":true,"href":"http:\/\/pbapgo.meioambiente.go.gov.br\/index.php?rest_route=\/wp\/v2\/users\/2"}],"replies":[{"embeddable":true,"href":"http:\/\/pbapgo.meioambiente.go.gov.br\/index.php?rest_route=%2Fwp%2Fv2%2Fcomments&post=1687"}],"version-history":[{"count":15,"href":"http:\/\/pbapgo.meioambiente.go.gov.br\/index.php?rest_route=\/wp\/v2\/pages\/1687\/revisions"}],"predecessor-version":[{"id":1899,"href":"http:\/\/pbapgo.meioambiente.go.gov.br\/index.php?rest_route=\/wp\/v2\/pages\/1687\/revisions\/1899"}],"wp:attachment":[{"href":"http:\/\/pbapgo.meioambiente.go.gov.br\/index.php?rest_route=%2Fwp%2Fv2%2Fmedia&parent=1687"}],"curies":[{"name":"wp","href":"https:\/\/api.w.org\/{rel}","templated":true}]}}