















{"id":1594,"date":"2019-05-27T20:28:22","date_gmt":"2019-05-27T23:28:22","guid":{"rendered":"http:\/\/pbapgo.meioambiente.go.gov.br\/?page_id=1594"},"modified":"2019-05-27T20:28:22","modified_gmt":"2019-05-27T23:28:22","slug":"upgrh-afluentes-3","status":"publish","type":"page","link":"http:\/\/pbapgo.meioambiente.go.gov.br\/?page_id=1594","title":{"rendered":"UPGRH Meia Ponte"},"content":{"rendered":"<div id=\"pl-1594\"  class=\"panel-layout\" ><div id=\"pg-1594-0\"  class=\"panel-grid panel-has-style\" ><div class=\"panel-row-style panel-row-style-for-1594-0\" ><div id=\"pgc-1594-0-0\"  class=\"panel-grid-cell\" ><div id=\"panel-1594-0-0-0\" class=\"so-panel widget widget_text panel-first-child panel-last-child\" data-index=\"0\" >\t\t\t<div class=\"textwidget\"><p>A UPGRH Meia Ponte drena 37 munic\u00edpios do estado de Goi\u00e1s, com nascentes localizadas na Serra dos Brand\u00f5es, munic\u00edpio de Itau\u00e7u. As \u00e1guas do rio Meia Ponte s\u00e3o polu\u00eddas a partir do ponto em que recebem os esgotos provenientes da Regi\u00e3o Metropolitana de Goi\u00e2nia, capital do estado de Goi\u00e1s e principal munic\u00edpio desta UPGRH.<\/p>\n<\/div>\n\t\t<\/div><\/div><\/div><\/div><div id=\"pg-1594-1\"  class=\"panel-grid panel-has-style\" ><div class=\"panel-row-style panel-row-style-for-1594-1\" ><div id=\"pgc-1594-1-0\"  class=\"panel-grid-cell\" ><div id=\"panel-1594-1-0-0\" class=\"so-panel widget widget_media_image panel-first-child panel-last-child\" data-index=\"1\" ><img loading=\"lazy\" decoding=\"async\" width=\"300\" height=\"300\" src=\"http:\/\/pbapgo.meioambiente.go.gov.br\/wp-content\/uploads\/2019\/03\/afluente_02-300x300.jpg\" class=\"image wp-image-1509  attachment-medium size-medium\" alt=\"\" style=\"max-width: 100%; height: auto;\" srcset=\"http:\/\/pbapgo.meioambiente.go.gov.br\/wp-content\/uploads\/2019\/03\/afluente_02-300x300.jpg 300w, http:\/\/pbapgo.meioambiente.go.gov.br\/wp-content\/uploads\/2019\/03\/afluente_02-150x150.jpg 150w, http:\/\/pbapgo.meioambiente.go.gov.br\/wp-content\/uploads\/2019\/03\/afluente_02.jpg 701w\" sizes=\"(max-width: 300px) 100vw, 300px\" \/><\/div><\/div><div id=\"pgc-1594-1-1\"  class=\"panel-grid-cell\" ><div id=\"panel-1594-1-1-0\" class=\"so-panel widget widget_text panel-first-child panel-last-child\" data-index=\"2\" >\t\t\t<div class=\"textwidget\"><p>Al\u00e9m do esgoto, outros res\u00edduos s\u00e3o descartados no rio Meia Ponte, como os de latic\u00ednios, frigor\u00edficos, f\u00e1bricas de bebidas e curtumes.<\/p>\n<\/div>\n\t\t<\/div><\/div><\/div><\/div><\/div>","protected":false},"excerpt":{"rendered":"<p>A UPGRH Meia Ponte drena 37 munic\u00edpios do estado de Goi\u00e1s, com nascentes localizadas na Serra dos Brand\u00f5es, munic\u00edpio de Itau\u00e7u. As \u00e1guas do rio Meia Ponte s\u00e3o polu\u00eddas a &#8230;<\/p>\n","protected":false},"author":2,"featured_media":0,"parent":0,"menu_order":0,"comment_status":"closed","ping_status":"closed","template":"","meta":{"footnotes":""},"_links":{"self":[{"href":"http:\/\/pbapgo.meioambiente.go.gov.br\/index.php?rest_route=\/wp\/v2\/pages\/1594"}],"collection":[{"href":"http:\/\/pbapgo.meioambiente.go.gov.br\/index.php?rest_route=\/wp\/v2\/pages"}],"about":[{"href":"http:\/\/pbapgo.meioambiente.go.gov.br\/index.php?rest_route=\/wp\/v2\/types\/page"}],"author":[{"embeddable":true,"href":"http:\/\/pbapgo.meioambiente.go.gov.br\/index.php?rest_route=\/wp\/v2\/users\/2"}],"replies":[{"embeddable":true,"href":"http:\/\/pbapgo.meioambiente.go.gov.br\/index.php?rest_route=%2Fwp%2Fv2%2Fcomments&post=1594"}],"version-history":[{"count":2,"href":"http:\/\/pbapgo.meioambiente.go.gov.br\/index.php?rest_route=\/wp\/v2\/pages\/1594\/revisions"}],"predecessor-version":[{"id":1596,"href":"http:\/\/pbapgo.meioambiente.go.gov.br\/index.php?rest_route=\/wp\/v2\/pages\/1594\/revisions\/1596"}],"wp:attachment":[{"href":"http:\/\/pbapgo.meioambiente.go.gov.br\/index.php?rest_route=%2Fwp%2Fv2%2Fmedia&parent=1594"}],"curies":[{"name":"wp","href":"https:\/\/api.w.org\/{rel}","templated":true}]}}