















{"id":1585,"date":"2019-05-27T20:21:32","date_gmt":"2019-05-27T23:21:32","guid":{"rendered":"http:\/\/pbapgo.meioambiente.go.gov.br\/?page_id=1585"},"modified":"2019-05-27T20:24:25","modified_gmt":"2019-05-27T23:24:25","slug":"upgrh-afluentes-2","status":"publish","type":"page","link":"http:\/\/pbapgo.meioambiente.go.gov.br\/?page_id=1585","title":{"rendered":"UPGRH Corumb\u00e1, Ver\u00edssimo e Por\u00e7\u00e3o Goiana do Rio S\u00e3o Marcos"},"content":{"rendered":"<div id=\"pl-1585\"  class=\"panel-layout\" ><div id=\"pg-1585-0\"  class=\"panel-grid panel-has-style\" ><div class=\"panel-row-style panel-row-style-for-1585-0\" ><div id=\"pgc-1585-0-0\"  class=\"panel-grid-cell\" ><div id=\"panel-1585-0-0-0\" class=\"so-panel widget widget_text panel-first-child panel-last-child\" data-index=\"0\" >\t\t\t<div class=\"textwidget\"><p>O rio Corumb\u00e1 \u00e9 um dos tr\u00eas principais contribuintes do rio Parana\u00edba e suas \u00e1guas servem ao abastecimento de cidades, \u00e0 gera\u00e7\u00e3o de energia e \u00e0 irriga\u00e7\u00e3o de lavouras. Sua nascente est\u00e1 localizada na Serra dos Pirineus, a uma altitude de 1.100 m.<\/p>\n<p>A divisa entre os estados de Goi\u00e1s e Minas Gerais \u00e9 feita pelo rio S\u00e3o Marcos. Nesta bacia, pratica-se a agricultura irrigada de maneira intensa, por conta das condi\u00e7\u00f5es do solo em determinadas regi\u00f5es, como no caso do munic\u00edpio de Cristalina.<\/p>\n<p>O turismo na regi\u00e3o dos munic\u00edpios de Caldas Novas e Rio Quente, que fazem parte da UPGRH, \u00e9 not\u00e1vel. A \u00e1rea tamb\u00e9m conta com a presen\u00e7a das UHEs Corumb\u00e1 I, III e IV. Outro fator importante para essa UPGRH \u00e9 a infraestrutura de saneamento b\u00e1sico que, devido ao o crescimento acelerado, sofre com problemas de descarte de esgoto in natura em muitos afluentes. Al\u00e9m da ocupa\u00e7\u00e3o urbana, \u00e9 v\u00e1lido destacar as Unidades de Conserva\u00e7\u00e3o e a agricultura.do.<\/p>\n<\/div>\n\t\t<\/div><\/div><\/div><\/div><\/div>","protected":false},"excerpt":{"rendered":"<p>O rio Corumb\u00e1 \u00e9 um dos tr\u00eas principais contribuintes do rio Parana\u00edba e suas \u00e1guas servem ao abastecimento de cidades, \u00e0 gera\u00e7\u00e3o de energia e \u00e0 irriga\u00e7\u00e3o de lavouras. Sua &#8230;<\/p>\n","protected":false},"author":2,"featured_media":0,"parent":0,"menu_order":0,"comment_status":"closed","ping_status":"closed","template":"","meta":{"footnotes":""},"_links":{"self":[{"href":"http:\/\/pbapgo.meioambiente.go.gov.br\/index.php?rest_route=\/wp\/v2\/pages\/1585"}],"collection":[{"href":"http:\/\/pbapgo.meioambiente.go.gov.br\/index.php?rest_route=\/wp\/v2\/pages"}],"about":[{"href":"http:\/\/pbapgo.meioambiente.go.gov.br\/index.php?rest_route=\/wp\/v2\/types\/page"}],"author":[{"embeddable":true,"href":"http:\/\/pbapgo.meioambiente.go.gov.br\/index.php?rest_route=\/wp\/v2\/users\/2"}],"replies":[{"embeddable":true,"href":"http:\/\/pbapgo.meioambiente.go.gov.br\/index.php?rest_route=%2Fwp%2Fv2%2Fcomments&post=1585"}],"version-history":[{"count":3,"href":"http:\/\/pbapgo.meioambiente.go.gov.br\/index.php?rest_route=\/wp\/v2\/pages\/1585\/revisions"}],"predecessor-version":[{"id":1589,"href":"http:\/\/pbapgo.meioambiente.go.gov.br\/index.php?rest_route=\/wp\/v2\/pages\/1585\/revisions\/1589"}],"wp:attachment":[{"href":"http:\/\/pbapgo.meioambiente.go.gov.br\/index.php?rest_route=%2Fwp%2Fv2%2Fmedia&parent=1585"}],"curies":[{"name":"wp","href":"https:\/\/api.w.org\/{rel}","templated":true}]}}