















{"id":1441,"date":"2019-03-08T17:57:11","date_gmt":"2019-03-08T20:57:11","guid":{"rendered":"http:\/\/pbapgo.meioambiente.go.gov.br\/?page_id=1441"},"modified":"2019-06-27T08:47:22","modified_gmt":"2019-06-27T11:47:22","slug":"legislacao","status":"publish","type":"page","link":"http:\/\/pbapgo.meioambiente.go.gov.br\/?page_id=1441","title":{"rendered":"Legisla\u00e7\u00e3o"},"content":{"rendered":"<div id=\"pl-1441\"  class=\"panel-layout\" ><div id=\"pg-1441-0\"  class=\"panel-grid panel-has-style\" ><div class=\"panel-row-style panel-row-style-for-1441-0\" ><div id=\"pgc-1441-0-0\"  class=\"panel-grid-cell\" ><div id=\"panel-1441-0-0-0\" class=\"so-panel widget widget_sow-editor panel-first-child panel-last-child\" data-index=\"0\" ><div\n\t\t\t\n\t\t\tclass=\"so-widget-sow-editor so-widget-sow-editor-base\"\n\t\t\t\n\t\t>\n<div class=\"siteorigin-widget-tinymce textwidget\">\n\t<p><!-- wp:paragraph --><\/p>\n<p>Separamos aqui algumas informa\u00e7\u00f5es para que voc\u00ea conhe\u00e7a o caminho hist\u00f3rico, as evolutivas e as iniciativas pol\u00edticas que reposicionaram as a\u00e7\u00f5es voltadas para o Gerenciamento de Recursos H\u00eddricos.<\/p>\n<p><!-- \/wp:paragraph --><!-- wp:paragraph --><\/p>\n<p>Tudo come\u00e7ou com o advento da <a href=\"http:\/\/www.planalto.gov.br\/ccivil_03\/leis\/l6938.htm\" target=\"_blank\">Lei n\u00b0 6.938, de 31 de agosto de 1981<\/a>. Este epis\u00f3dio foi emblem\u00e1tico para o direito ambiental no Brasil, pois deliberou sobre a Pol\u00edtica Nacional do Meio Ambiente, seus fins e mecanismos de formula\u00e7\u00e3o e aplica\u00e7\u00e3o, al\u00e9m de outras provid\u00eancias. A <a href=\"http:\/\/www.planalto.gov.br\/ccivil_03\/leis\/l9433.htm\" target=\"_blank\">Lei n\u00b0 9.433, de 8 de janeiro de 1997<\/a> instituiu a Pol\u00edtica Nacional de Recursos H\u00eddricos e criou o Sistema Nacional de Gerenciamento de Recursos H\u00eddricos. A Lei Estadual 2.726 de 26 de novembro de 1999 segue os mesmos pressupostos.<\/p>\n<p><!-- \/wp:paragraph --><!-- wp:paragraph --><\/p>\n<p>Em aten\u00e7\u00e3o \u00e0 lei <em><a href=\"http:\/\/www.planalto.gov.br\/ccivil_03\/leis\/l9433.htm\" target=\"_blank\">LEI N\u00ba 9.433, DE 8 DE JANEIRO DE 1997<\/a>, <\/em>apresenta-se abaixo seus respectivos fundamentos e objetivos, tais quais:<\/p>\n<p><!-- \/wp:paragraph --><!-- wp:paragraph --><\/p>\n<p><em>Art. 1\u00ba A Pol\u00edtica Nacional de Recursos H\u00eddricos baseia-se nos seguintes fundamentos:<\/em><\/p>\n<p><!-- \/wp:paragraph --><!-- wp:paragraph --><\/p>\n<p><em>I - a \u00e1gua \u00e9 um bem de dom\u00ednio p\u00fablico;<\/em><\/p>\n<p><!-- \/wp:paragraph --><!-- wp:paragraph --><\/p>\n<p><em>II - a \u00e1gua \u00e9 um recurso natural limitado, dotado de valor econ\u00f4mico;<\/em><\/p>\n<p><!-- \/wp:paragraph --><!-- wp:paragraph --><\/p>\n<p><em>III - em situa\u00e7\u00f5es de escassez, o uso priorit\u00e1rio dos recursos h\u00eddricos \u00e9 o consumo humano e a dessedenta\u00e7\u00e3o de animais;<\/em><\/p>\n<p><!-- \/wp:paragraph --><!-- wp:paragraph --><\/p>\n<p><em>IV - a gest\u00e3o dos recursos h\u00eddricos deve sempre proporcionar o uso m\u00faltiplo das \u00e1guas;<\/em><\/p>\n<p><!-- \/wp:paragraph --><!-- wp:paragraph --><\/p>\n<p><em>V - a bacia hidrogr\u00e1fica \u00e9 a unidade territorial para implementa\u00e7\u00e3o da Pol\u00edtica Nacional de Recursos H\u00eddricos e atua\u00e7\u00e3o do Sistema Nacional de Gerenciamento de Recursos H\u00eddricos;<\/em><\/p>\n<p><!-- \/wp:paragraph --><!-- wp:paragraph --><\/p>\n<p><em>VI - a gest\u00e3o dos recursos h\u00eddricos deve ser descentralizada e contar com a participa\u00e7\u00e3o do Poder P\u00fablico, dos usu\u00e1rios e das comunidades.<\/em><\/p>\n<p><!-- \/wp:paragraph --><!-- wp:paragraph --><\/p>\n<p><em>Art. 2\u00ba S\u00e3o objetivos da Pol\u00edtica Nacional de Recursos H\u00eddricos:<\/em><\/p>\n<p><!-- \/wp:paragraph --><!-- wp:paragraph --><\/p>\n<p><em>I - assegurar \u00e0 atual e \u00e0s futuras gera\u00e7\u00f5es a necess\u00e1ria disponibilidade de \u00e1gua, em padr\u00f5es de qualidade adequados aos respectivos usos;<\/em><\/p>\n<p><!-- \/wp:paragraph --><!-- wp:paragraph --><\/p>\n<p><em>II - a utiliza\u00e7\u00e3o racional e integrada dos recursos h\u00eddricos, incluindo o transporte aquavi\u00e1rio, com vistas ao desenvolvimento sustent\u00e1vel;<\/em><\/p>\n<p><!-- \/wp:paragraph --><!-- wp:paragraph --><\/p>\n<p><em>III - a preven\u00e7\u00e3o e a defesa contra eventos hidrol\u00f3gicos cr\u00edticos de origem natural ou decorrentes do uso inadequado dos recursos naturais.<\/em><\/p>\n<p><!-- \/wp:paragraph --><!-- wp:paragraph --><\/p>\n<p><em>IV - incentivar e promover a capta\u00e7\u00e3o, a preserva\u00e7\u00e3o e o aproveitamento de \u00e1guas pluviais.<\/em><\/p>\n<p><!-- \/wp:paragraph --><\/p>\n<\/div>\n<\/div><\/div><\/div><\/div><\/div><\/div>","protected":false},"excerpt":{"rendered":"<p>Separamos aqui algumas informa\u00e7\u00f5es para que voc\u00ea conhe\u00e7a o caminho hist\u00f3rico, as evolutivas e as iniciativas pol\u00edticas que reposicionaram as a\u00e7\u00f5es voltadas para o Gerenciamento de Recursos H\u00eddricos. Tudo come\u00e7ou &#8230;<\/p>\n","protected":false},"author":2,"featured_media":0,"parent":0,"menu_order":0,"comment_status":"closed","ping_status":"closed","template":"","meta":{"footnotes":""},"_links":{"self":[{"href":"http:\/\/pbapgo.meioambiente.go.gov.br\/index.php?rest_route=\/wp\/v2\/pages\/1441"}],"collection":[{"href":"http:\/\/pbapgo.meioambiente.go.gov.br\/index.php?rest_route=\/wp\/v2\/pages"}],"about":[{"href":"http:\/\/pbapgo.meioambiente.go.gov.br\/index.php?rest_route=\/wp\/v2\/types\/page"}],"author":[{"embeddable":true,"href":"http:\/\/pbapgo.meioambiente.go.gov.br\/index.php?rest_route=\/wp\/v2\/users\/2"}],"replies":[{"embeddable":true,"href":"http:\/\/pbapgo.meioambiente.go.gov.br\/index.php?rest_route=%2Fwp%2Fv2%2Fcomments&post=1441"}],"version-history":[{"count":4,"href":"http:\/\/pbapgo.meioambiente.go.gov.br\/index.php?rest_route=\/wp\/v2\/pages\/1441\/revisions"}],"predecessor-version":[{"id":1783,"href":"http:\/\/pbapgo.meioambiente.go.gov.br\/index.php?rest_route=\/wp\/v2\/pages\/1441\/revisions\/1783"}],"wp:attachment":[{"href":"http:\/\/pbapgo.meioambiente.go.gov.br\/index.php?rest_route=%2Fwp%2Fv2%2Fmedia&parent=1441"}],"curies":[{"name":"wp","href":"https:\/\/api.w.org\/{rel}","templated":true}]}}